{"id":7288,"date":"2025-08-22T10:05:04","date_gmt":"2025-08-22T03:05:04","guid":{"rendered":"https:\/\/craftbakery.vn\/?post_type=product&#038;p=7288"},"modified":"2025-08-22T13:52:53","modified_gmt":"2025-08-22T06:52:53","slug":"banh-gato-nho","status":"publish","type":"product","link":"https:\/\/craftbakeryvn301.mbws.vn\/en\/san-pham\/banh-gato-nho","title":{"rendered":"B\u00e1nh gato nh\u1ecf"},"content":{"rendered":"<p>B\u00e1nh gato v\u1edbi l\u1edbp b\u00f4ng lan m\u1ec1m m\u1ecbn, th\u01a1m nh\u1eb9 m\u00f9i tr\u1ee9ng s\u1eefa, k\u1ebft h\u1ee3p c\u00f9ng kem t\u01b0\u01a1i b\u00e9o ng\u1eady, ng\u1ecdt d\u1ecbu t\u1ea1o n\u00ean h\u01b0\u01a1ng v\u1ecb thanh tho\u00e1t, d\u1ec5 \u0103n. M\u1ed7i chi\u1ebfc b\u00e1nh \u0111\u1ec1u \u0111\u01b0\u1ee3c trang tr\u00ed th\u1ee7 c\u00f4ng t\u1ec9 m\u1ec9, mang v\u1ebb ngo\u00e0i tinh t\u1ebf v\u00e0 \u00fd ngh\u0129a tr\u1ecdn v\u1eb9n.<\/p>\n","protected":false},"excerpt":{"rendered":"<p>\ud83c\udf82 B\u00e1nh gato \u2013 Ng\u1ecdt ng\u00e0o cho nh\u1eefng kho\u1ea3nh kh\u1eafc \u0111\u1eb7c bi\u1ec7t \ud83c\udf82<\/p>\n","protected":false},"featured_media":7316,"comment_status":"open","ping_status":"closed","template":"","meta":[],"product_brand":[],"product_cat":[48],"product_tag":[],"class_list":{"0":"post-7288","1":"product","2":"type-product","3":"status-publish","4":"has-post-thumbnail","6":"product_cat-banh-gato-va-banh-mousse","8":"first","9":"instock","10":"shipping-taxable","11":"product-type-simple"},"_links":{"self":[{"href":"https:\/\/craftbakeryvn301.mbws.vn\/en\/wp-json\/wp\/v2\/product\/7288","targetHints":{"allow":["GET"]}}],"collection":[{"href":"https:\/\/craftbakeryvn301.mbws.vn\/en\/wp-json\/wp\/v2\/product"}],"about":[{"href":"https:\/\/craftbakeryvn301.mbws.vn\/en\/wp-json\/wp\/v2\/types\/product"}],"replies":[{"embeddable":true,"href":"https:\/\/craftbakeryvn301.mbws.vn\/en\/wp-json\/wp\/v2\/comments?post=7288"}],"wp:featuredmedia":[{"embeddable":true,"href":"https:\/\/craftbakeryvn301.mbws.vn\/en\/wp-json\/wp\/v2\/media\/7316"}],"wp:attachment":[{"href":"https:\/\/craftbakeryvn301.mbws.vn\/en\/wp-json\/wp\/v2\/media?parent=7288"}],"wp:term":[{"taxonomy":"product_brand","embeddable":true,"href":"https:\/\/craftbakeryvn301.mbws.vn\/en\/wp-json\/wp\/v2\/product_brand?post=7288"},{"taxonomy":"product_cat","embeddable":true,"href":"https:\/\/craftbakeryvn301.mbws.vn\/en\/wp-json\/wp\/v2\/product_cat?post=7288"},{"taxonomy":"product_tag","embeddable":true,"href":"https:\/\/craftbakeryvn301.mbws.vn\/en\/wp-json\/wp\/v2\/product_tag?post=7288"}],"curies":[{"name":"wp","href":"https:\/\/api.w.org\/{rel}","templated":true}]}}